{"id":1326,"date":"2025-02-24T23:11:05","date_gmt":"2025-02-24T23:11:05","guid":{"rendered":"https:\/\/riaddarmamouni.com\/?post_type=product&#038;p=1326"},"modified":"2025-02-24T23:21:56","modified_gmt":"2025-02-24T23:21:56","slug":"savon-noir-beldi","status":"publish","type":"product","link":"https:\/\/riaddarmamouni.com\/en\/product\/savon-noir-beldi\/","title":{"rendered":"Savon Noir beldi"},"content":{"rendered":"<p><b><span style=\"font-weight: 400;\">Le Savon noir est utilis\u00e9 traditionnellement depuis des si\u00e8cles dans les hammams orientaux comme soin exfoliant associ\u00e9 \u00e0 un gant de cr\u00eape ou de crin. Il favorise l'\u00e9limination des peaux mortes et redonne ainsi u coup de\u00a0 jeunesse \u00e0 votre peau.<\/span><span style=\"font-weight: 400;\"><br \/>\n<\/span><span style=\"font-weight: 400;\">Ce Savon noir, se pr\u00e9sente sous la forme d'une p\u00e2te onctueuse, couleur caramel. Il prend ainsi soin de la peau pour une exfoliation en profondeur.<\/span><\/b><\/p>\n","protected":false},"excerpt":{"rendered":"<p>Le Savon noir est utilis\u00e9 traditionnellement depuis des si\u00e8cles dans les hammams orientaux comme soin exfoliant associ\u00e9 \u00e0 un gant de cr\u00eape ou de crin. Il favorise l'\u00e9limination des peaux mortes et redonne ainsi<\/p>\n","protected":false},"featured_media":1327,"comment_status":"open","ping_status":"closed","template":"","meta":{"_uag_custom_page_level_css":"","site-sidebar-layout":"default","site-content-layout":"","ast-site-content-layout":"normal-width-container","site-content-style":"boxed","site-sidebar-style":"default","ast-global-header-display":"","ast-banner-title-visibility":"","ast-main-header-display":"","ast-hfb-above-header-display":"","ast-hfb-below-header-display":"","ast-hfb-mobile-header-display":"","site-post-title":"","ast-breadcrumbs-content":"","ast-featured-img":"","footer-sml-layout":"","ast-disable-related-posts":"","theme-transparent-header-meta":"default","adv-header-id-meta":"","stick-header-meta":"","header-above-stick-meta":"","header-main-stick-meta":"","header-below-stick-meta":"","astra-migrate-meta-layouts":"set","ast-page-background-enabled":"default","ast-page-background-meta":{"desktop":{"background-color":"","background-image":"","background-repeat":"repeat","background-position":"center center","background-size":"auto","background-attachment":"scroll","background-type":"","background-media":"","overlay-type":"","overlay-color":"","overlay-opacity":"","overlay-gradient":""},"tablet":{"background-color":"","background-image":"","background-repeat":"repeat","background-position":"center center","background-size":"auto","background-attachment":"scroll","background-type":"","background-media":"","overlay-type":"","overlay-color":"","overlay-opacity":"","overlay-gradient":""},"mobile":{"background-color":"","background-image":"","background-repeat":"repeat","background-position":"center center","background-size":"auto","background-attachment":"scroll","background-type":"","background-media":"","overlay-type":"","overlay-color":"","overlay-opacity":"","overlay-gradient":""}},"ast-content-background-meta":{"desktop":{"background-color":"var(--ast-global-color-5)","background-image":"","background-repeat":"repeat","background-position":"center center","background-size":"auto","background-attachment":"scroll","background-type":"","background-media":"","overlay-type":"","overlay-color":"","overlay-opacity":"","overlay-gradient":""},"tablet":{"background-color":"var(--ast-global-color-5)","background-image":"","background-repeat":"repeat","background-position":"center center","background-size":"auto","background-attachment":"scroll","background-type":"","background-media":"","overlay-type":"","overlay-color":"","overlay-opacity":"","overlay-gradient":""},"mobile":{"background-color":"var(--ast-global-color-5)","background-image":"","background-repeat":"repeat","background-position":"center center","background-size":"auto","background-attachment":"scroll","background-type":"","background-media":"","overlay-type":"","overlay-color":"","overlay-opacity":"","overlay-gradient":""}}},"product_brand":[],"product_cat":[27],"product_tag":[],"class_list":{"0":"post-1326","1":"product","2":"type-product","3":"status-publish","4":"has-post-thumbnail","6":"product_cat-cosmetic","7":"desktop-align-left","8":"tablet-align-left","9":"mobile-align-left","11":"first","12":"instock","13":"shipping-taxable","14":"product-type-variable"},"aioseo_notices":[],"uagb_featured_image_src":{"full":["https:\/\/riaddarmamouni.com\/wp-content\/uploads\/2025\/02\/IMG-20250224-WA0024-removebg-preview.png",375,666,false],"thumbnail":["https:\/\/riaddarmamouni.com\/wp-content\/uploads\/2025\/02\/IMG-20250224-WA0024-removebg-preview-150x150.png",150,150,true],"medium":["https:\/\/riaddarmamouni.com\/wp-content\/uploads\/2025\/02\/IMG-20250224-WA0024-removebg-preview-169x300.png",169,300,true],"medium_large":["https:\/\/riaddarmamouni.com\/wp-content\/uploads\/2025\/02\/IMG-20250224-WA0024-removebg-preview.png",375,666,false],"large":["https:\/\/riaddarmamouni.com\/wp-content\/uploads\/2025\/02\/IMG-20250224-WA0024-removebg-preview.png",375,666,false],"1536x1536":["https:\/\/riaddarmamouni.com\/wp-content\/uploads\/2025\/02\/IMG-20250224-WA0024-removebg-preview.png",375,666,false],"2048x2048":["https:\/\/riaddarmamouni.com\/wp-content\/uploads\/2025\/02\/IMG-20250224-WA0024-removebg-preview.png",375,666,false],"trp-custom-language-flag":["https:\/\/riaddarmamouni.com\/wp-content\/uploads\/2025\/02\/IMG-20250224-WA0024-removebg-preview-7x12.png",7,12,true],"woocommerce_thumbnail":["https:\/\/riaddarmamouni.com\/wp-content\/uploads\/2025\/02\/IMG-20250224-WA0024-removebg-preview-300x300.png",300,300,true],"woocommerce_single":["https:\/\/riaddarmamouni.com\/wp-content\/uploads\/2025\/02\/IMG-20250224-WA0024-removebg-preview.png",375,666,false],"woocommerce_gallery_thumbnail":["https:\/\/riaddarmamouni.com\/wp-content\/uploads\/2025\/02\/IMG-20250224-WA0024-removebg-preview-100x100.png",100,100,true]},"uagb_author_info":{"display_name":"riadarmamouni","author_link":"https:\/\/riaddarmamouni.com\/en\/author\/"},"uagb_comment_info":0,"uagb_excerpt":"Le Savon noir est utilis\u00e9 traditionnellement depuis des si\u00e8cles dans les hammams orientaux comme soin exfoliant associ\u00e9 \u00e0 un gant de cr\u00eape ou de crin. Il favorise l'\u00e9limination des peaux mortes et redonne ainsi","_links":{"self":[{"href":"https:\/\/riaddarmamouni.com\/en\/wp-json\/wp\/v2\/product\/1326","targetHints":{"allow":["GET"]}}],"collection":[{"href":"https:\/\/riaddarmamouni.com\/en\/wp-json\/wp\/v2\/product"}],"about":[{"href":"https:\/\/riaddarmamouni.com\/en\/wp-json\/wp\/v2\/types\/product"}],"replies":[{"embeddable":true,"href":"https:\/\/riaddarmamouni.com\/en\/wp-json\/wp\/v2\/comments?post=1326"}],"wp:featuredmedia":[{"embeddable":true,"href":"https:\/\/riaddarmamouni.com\/en\/wp-json\/wp\/v2\/media\/1327"}],"wp:attachment":[{"href":"https:\/\/riaddarmamouni.com\/en\/wp-json\/wp\/v2\/media?parent=1326"}],"wp:term":[{"taxonomy":"product_brand","embeddable":true,"href":"https:\/\/riaddarmamouni.com\/en\/wp-json\/wp\/v2\/product_brand?post=1326"},{"taxonomy":"product_cat","embeddable":true,"href":"https:\/\/riaddarmamouni.com\/en\/wp-json\/wp\/v2\/product_cat?post=1326"},{"taxonomy":"product_tag","embeddable":true,"href":"https:\/\/riaddarmamouni.com\/en\/wp-json\/wp\/v2\/product_tag?post=1326"}],"curies":[{"name":"wp","href":"https:\/\/api.w.org\/{rel}","templated":true}]}}