{"id":1322,"date":"2025-02-24T22:46:24","date_gmt":"2025-02-24T22:46:24","guid":{"rendered":"https:\/\/riaddarmamouni.com\/?post_type=product&#038;p=1322"},"modified":"2025-02-24T22:51:56","modified_gmt":"2025-02-24T22:51:56","slug":"huile-anti-chute","status":"publish","type":"product","link":"https:\/\/riaddarmamouni.com\/en\/product\/huile-anti-chute\/","title":{"rendered":"Huile Anti-Chute"},"content":{"rendered":"<p>D\u00e9couvrez notre huile Anti-Chute \u00e0 base de cannabis, une alternative naturelle et efficace pour pr\u00e9venir et combattre la perte de cheveux. Cette formule unique allie les bienfaits du cannabis \u00e0 une synergie d\u2019huiles v\u00e9g\u00e9tales et essentielles. Ensemble, ces actifs stimulent la pousse capillaire tout en r\u00e9duisant la chute des cheveux.<\/p>\n","protected":false},"excerpt":{"rendered":"<p>D\u00e9couvrez notre huile capillaire fortifiante \u00e0 base de cannabis, une alternative naturelle et efficace pour pr\u00e9venir et combattre la perte de cheveux.<\/p>\n","protected":false},"featured_media":1323,"comment_status":"open","ping_status":"closed","template":"","meta":{"_uag_custom_page_level_css":"","site-sidebar-layout":"default","site-content-layout":"","ast-site-content-layout":"default","site-content-style":"default","site-sidebar-style":"default","ast-global-header-display":"","ast-banner-title-visibility":"","ast-main-header-display":"","ast-hfb-above-header-display":"","ast-hfb-below-header-display":"","ast-hfb-mobile-header-display":"","site-post-title":"","ast-breadcrumbs-content":"","ast-featured-img":"","footer-sml-layout":"","ast-disable-related-posts":"","theme-transparent-header-meta":"default","adv-header-id-meta":"","stick-header-meta":"","header-above-stick-meta":"","header-main-stick-meta":"","header-below-stick-meta":"","astra-migrate-meta-layouts":"set","ast-page-background-enabled":"default","ast-page-background-meta":{"desktop":{"background-color":"","background-image":"","background-repeat":"repeat","background-position":"center center","background-size":"auto","background-attachment":"scroll","background-type":"","background-media":"","overlay-type":"","overlay-color":"","overlay-opacity":"","overlay-gradient":""},"tablet":{"background-color":"","background-image":"","background-repeat":"repeat","background-position":"center center","background-size":"auto","background-attachment":"scroll","background-type":"","background-media":"","overlay-type":"","overlay-color":"","overlay-opacity":"","overlay-gradient":""},"mobile":{"background-color":"","background-image":"","background-repeat":"repeat","background-position":"center center","background-size":"auto","background-attachment":"scroll","background-type":"","background-media":"","overlay-type":"","overlay-color":"","overlay-opacity":"","overlay-gradient":""}},"ast-content-background-meta":{"desktop":{"background-color":"var(--ast-global-color-5)","background-image":"","background-repeat":"repeat","background-position":"center center","background-size":"auto","background-attachment":"scroll","background-type":"","background-media":"","overlay-type":"","overlay-color":"","overlay-opacity":"","overlay-gradient":""},"tablet":{"background-color":"var(--ast-global-color-5)","background-image":"","background-repeat":"repeat","background-position":"center center","background-size":"auto","background-attachment":"scroll","background-type":"","background-media":"","overlay-type":"","overlay-color":"","overlay-opacity":"","overlay-gradient":""},"mobile":{"background-color":"var(--ast-global-color-5)","background-image":"","background-repeat":"repeat","background-position":"center center","background-size":"auto","background-attachment":"scroll","background-type":"","background-media":"","overlay-type":"","overlay-color":"","overlay-opacity":"","overlay-gradient":""}}},"product_brand":[],"product_cat":[27],"product_tag":[28],"class_list":{"0":"post-1322","1":"product","2":"type-product","3":"status-publish","4":"has-post-thumbnail","6":"product_cat-cosmetic","7":"product_tag-huile","8":"desktop-align-left","9":"tablet-align-left","10":"mobile-align-left","12":"first","13":"instock","14":"sale","15":"shipping-taxable","16":"purchasable","17":"product-type-simple"},"aioseo_notices":[],"uagb_featured_image_src":{"full":["https:\/\/riaddarmamouni.com\/wp-content\/uploads\/2025\/02\/IMG-20250224-WA0014-removebg-preview.png",375,666,false],"thumbnail":["https:\/\/riaddarmamouni.com\/wp-content\/uploads\/2025\/02\/IMG-20250224-WA0014-removebg-preview-150x150.png",150,150,true],"medium":["https:\/\/riaddarmamouni.com\/wp-content\/uploads\/2025\/02\/IMG-20250224-WA0014-removebg-preview-169x300.png",169,300,true],"medium_large":["https:\/\/riaddarmamouni.com\/wp-content\/uploads\/2025\/02\/IMG-20250224-WA0014-removebg-preview.png",375,666,false],"large":["https:\/\/riaddarmamouni.com\/wp-content\/uploads\/2025\/02\/IMG-20250224-WA0014-removebg-preview.png",375,666,false],"1536x1536":["https:\/\/riaddarmamouni.com\/wp-content\/uploads\/2025\/02\/IMG-20250224-WA0014-removebg-preview.png",375,666,false],"2048x2048":["https:\/\/riaddarmamouni.com\/wp-content\/uploads\/2025\/02\/IMG-20250224-WA0014-removebg-preview.png",375,666,false],"trp-custom-language-flag":["https:\/\/riaddarmamouni.com\/wp-content\/uploads\/2025\/02\/IMG-20250224-WA0014-removebg-preview-7x12.png",7,12,true],"woocommerce_thumbnail":["https:\/\/riaddarmamouni.com\/wp-content\/uploads\/2025\/02\/IMG-20250224-WA0014-removebg-preview-300x300.png",300,300,true],"woocommerce_single":["https:\/\/riaddarmamouni.com\/wp-content\/uploads\/2025\/02\/IMG-20250224-WA0014-removebg-preview.png",375,666,false],"woocommerce_gallery_thumbnail":["https:\/\/riaddarmamouni.com\/wp-content\/uploads\/2025\/02\/IMG-20250224-WA0014-removebg-preview-100x100.png",100,100,true]},"uagb_author_info":{"display_name":"riadarmamouni","author_link":"https:\/\/riaddarmamouni.com\/en\/author\/"},"uagb_comment_info":0,"uagb_excerpt":"D\u00e9couvrez notre huile capillaire fortifiante \u00e0 base de cannabis, une alternative naturelle et efficace pour pr\u00e9venir et combattre la perte de cheveux.","_links":{"self":[{"href":"https:\/\/riaddarmamouni.com\/en\/wp-json\/wp\/v2\/product\/1322","targetHints":{"allow":["GET"]}}],"collection":[{"href":"https:\/\/riaddarmamouni.com\/en\/wp-json\/wp\/v2\/product"}],"about":[{"href":"https:\/\/riaddarmamouni.com\/en\/wp-json\/wp\/v2\/types\/product"}],"replies":[{"embeddable":true,"href":"https:\/\/riaddarmamouni.com\/en\/wp-json\/wp\/v2\/comments?post=1322"}],"wp:featuredmedia":[{"embeddable":true,"href":"https:\/\/riaddarmamouni.com\/en\/wp-json\/wp\/v2\/media\/1323"}],"wp:attachment":[{"href":"https:\/\/riaddarmamouni.com\/en\/wp-json\/wp\/v2\/media?parent=1322"}],"wp:term":[{"taxonomy":"product_brand","embeddable":true,"href":"https:\/\/riaddarmamouni.com\/en\/wp-json\/wp\/v2\/product_brand?post=1322"},{"taxonomy":"product_cat","embeddable":true,"href":"https:\/\/riaddarmamouni.com\/en\/wp-json\/wp\/v2\/product_cat?post=1322"},{"taxonomy":"product_tag","embeddable":true,"href":"https:\/\/riaddarmamouni.com\/en\/wp-json\/wp\/v2\/product_tag?post=1322"}],"curies":[{"name":"wp","href":"https:\/\/api.w.org\/{rel}","templated":true}]}}